{"id":509,"date":"2012-02-17T00:54:41","date_gmt":"2012-02-16T23:54:41","guid":{"rendered":"http:\/\/www.internatura.org\/blog\/?page_id=509"},"modified":"2017-05-06T19:33:31","modified_gmt":"2017-05-06T19:33:31","slug":"socis","status":"publish","type":"page","link":"https:\/\/internatura.org\/blog\/?page_id=509","title":{"rendered":"Socis"},"content":{"rendered":"<p style=\"text-align: justify;\">Des de l&#8217;adre\u00e7a del GER-EA ens dirigim a tu per a fer-te part\u00edcip de les nostres activitats, campanyes, den\u00fancies, etc.<\/p>\n<p style=\"text-align: justify;\">La forma de contacte amb el soci \u00e9s a partir del correu electr\u00f2nic, la nostra p\u00e0gina web o aquest blog.<\/p>\n<p style=\"text-align: justify;\">Som un dels primers grups naturalistes que van apostar per les noves tecnologies a principi de la d\u00e8cada dels noranta, en el segle passat, amb l&#8217;objectiu de facilitar la nostra comunicaci\u00f3 i informaci\u00f3 entre els socis. Amb aquest sistema van disminuir les reunions a mensuals o bimensuals, concentrant-les en eixides al camp. Amb l&#8217;aposta pel correu electr\u00f2nic i la p\u00e0gina web (<a title=\"InterNatura\" href=\"http:\/\/www.internatura.org\" target=\"_blank\" rel=\"noopener noreferrer\">Internatura<\/a>) que publiquem l&#8217;any 1995, la comunicaci\u00f3 entre els socis es va fer molt m\u00e9s fluida i les activitats es desenvolupaven m\u00e9s estructurades i programades. A m\u00e9s, tots tenien oportunitat de proposar i redactar qualsevol activitat, projecte o campanya a desenvolupar, fent part\u00edcip a la resta dels membres del grup.<\/p>\n<p style=\"text-align: justify;\">D&#8217;altra banda, l&#8217;\u00fas del correu electr\u00f2nic ens va fer reduir l&#8217;\u00fas del paper pr\u00e0cticament a zero, intercanviant-nos els estudis, articles, etc. per arxius electr\u00f2nics.<\/p>\n<p style=\"text-align: justify;\">Ser soci del GER-EA implica pagar una menuda quantitat amb la qual desenvolupar les activitats, pagar la m\u00e0quina dels Estats Units on tenim allotjat el sistema informatitzat del grup i a altres organitzacions a qu\u00e8 pertanyem (Ecologistes en Acci\u00f3 Pa\u00eds Valenci\u00e0, Federaci\u00f3 d&#8217;Ecologistes en Acci\u00f3, entre altres), pagar les despeses d&#8217;impremta per editar fullets i llibres. Si eres soci del GER-EA rebr\u00e0s un anuari ornitol\u00f2gic de Castell\u00f3 \/ Comunitat Valenciana i participar\u00e0s en les diferents activitats del grup, dirigides principalment a la protecci\u00f3 del medi natural i especialment a les aus rapinyaires.<\/p>\n<p style=\"text-align: justify;\">Les quotes a les quals pots accedir s\u00f3n:<\/p>\n<h4>Entitats \/ Fundacions: M\u00ednim 100 euros \/ any.<\/h4>\n<h4>Soci adult: 20 euros \/ any.<\/h4>\n<h4>Soci estudiants: la voluntat.<\/h4>\n<h4>Soci nens \/ adolescents: gratis.<\/h4>\n<h4>Tots les inscripcions han de ser per domiciliaci\u00f3 banc\u00e0ria.<\/h4>\n<p><span style=\"text-decoration: underline;\">BUTLLET\u00cd D&#8217;INSCRIPCI\u00d3 I DOMICILIACI\u00d3 BANC\u00c0RIA<\/span><\/p>\n<p>DADES DEL TITULAR DEL COMPTE:<\/p>\n<p>Entitat:<br \/>\nCIF \/ NIF:<br \/>\nNom i Cognoms:<br \/>\nDomicili:<br \/>\nC.P. \/ Localitat \/ Prov\u00edncia:<br \/>\nTel\u00e8fon:<\/p>\n<p>Correu electr\u00f3nic:<\/p>\n<p>Direcci\u00f3 electr\u00f3nica de Web, blog, altres:<\/p>\n<p>DADES BANC\u00c0RIES:<\/p>\n<p>Banc o Caixa:<br \/>\nDirecci\u00f3:<br \/>\nC.P. \/ Localitat \/ Prov\u00edncia:<\/p>\n<p>Codi compte client: (20 d\u00edgits).<\/p>\n<p>Codi IBAN:_______<\/p>\n<p>Entitat : <strong>_ _ _ _<\/strong><\/p>\n<p>Oficina: <strong>_ _ _ _<\/strong><\/p>\n<p>D.C.:<strong>_ _<\/strong><\/p>\n<p>N \u00ba Compte: <strong>_ _ _ _ _ _ _ _ _ _<\/strong><\/p>\n<p style=\"text-align: justify;\">Molt Srs meus: Pregue que atenguen els rebuts domiciliats en aquesta entitat que, amb c\u00e0rrec al meu compte indicat anteriorment, els seran presentats al cobrament per el Grup d&#8217;Estudi i Protecci\u00f3 dels Rapinyaires &#8211; Ecologistes en Acci\u00f3 (GER-EA), en concepte de \u00abQuota anual associativa\u00bb, fins a nova ordre.<\/p>\n<p>atentament,<\/p>\n<p>Sgt.:<br \/>\nSignatura del titular del compte<\/p>\n<p>, D de 201__<\/p>\n<div><span style=\"color: #000000; font-family: verdana, arial, helvetica; font-size: small;\">\u00a0<\/span><\/div>\n<form action=\"http:\/\/www.nodo50.org\/cgi-bin\/formmail\/FormMail.pl\" method=\"post\"><\/form>\n<p style=\"text-align: justify;\"><em><strong>Els textos i les fotografies s\u00f3n propietat dels seus autors i del GER-EA, no est\u00e0 permesa la seva reproducci\u00f3 total o parcial sense el consentiment expr\u00e9s d&#8217;aquestos i del grup.<\/strong><\/em><\/p>\n","protected":false},"excerpt":{"rendered":"<p>Des de l&#8217;adre\u00e7a del GER-EA ens dirigim a tu per a fer-te part\u00edcip de les nostres activitats, campanyes, den\u00fancies, etc. La forma de contacte amb el soci \u00e9s a partir del correu electr\u00f2nic, la nostra p\u00e0gina web o aquest blog. Som un dels primers grups naturalistes que van apostar per \u2026 <a class=\"continue-reading-link\" href=\"https:\/\/internatura.org\/blog\/?page_id=509\"> Continuar leyendo <span class=\"meta-nav\">&rarr; <\/span><\/a><\/p>\n","protected":false},"author":1,"featured_media":0,"parent":0,"menu_order":0,"comment_status":"closed","ping_status":"closed","template":"","meta":[],"_links":{"self":[{"href":"https:\/\/internatura.org\/blog\/index.php?rest_route=\/wp\/v2\/pages\/509"}],"collection":[{"href":"https:\/\/internatura.org\/blog\/index.php?rest_route=\/wp\/v2\/pages"}],"about":[{"href":"https:\/\/internatura.org\/blog\/index.php?rest_route=\/wp\/v2\/types\/page"}],"author":[{"embeddable":true,"href":"https:\/\/internatura.org\/blog\/index.php?rest_route=\/wp\/v2\/users\/1"}],"replies":[{"embeddable":true,"href":"https:\/\/internatura.org\/blog\/index.php?rest_route=%2Fwp%2Fv2%2Fcomments&post=509"}],"version-history":[{"count":26,"href":"https:\/\/internatura.org\/blog\/index.php?rest_route=\/wp\/v2\/pages\/509\/revisions"}],"predecessor-version":[{"id":6305,"href":"https:\/\/internatura.org\/blog\/index.php?rest_route=\/wp\/v2\/pages\/509\/revisions\/6305"}],"wp:attachment":[{"href":"https:\/\/internatura.org\/blog\/index.php?rest_route=%2Fwp%2Fv2%2Fmedia&parent=509"}],"curies":[{"name":"wp","href":"https:\/\/api.w.org\/{rel}","templated":true}]}}